{"id":168,"date":"2022-05-16T12:10:12","date_gmt":"2022-05-16T10:10:12","guid":{"rendered":"https:\/\/www.architecteinterieurs.com\/en\/?page_id=168"},"modified":"2022-09-21T13:22:33","modified_gmt":"2022-09-21T11:22:33","slug":"building-contractor-in-paris","status":"publish","type":"page","link":"https:\/\/www.architecteinterieurs.com\/en\/interior-design-services\/building-contractor-in-paris\/","title":{"rendered":"Building contractor"},"content":{"rendered":"","protected":false},"excerpt":{"rendered":"","protected":false},"author":1,"featured_media":0,"parent":157,"menu_order":24,"comment_status":"closed","ping_status":"closed","template":"temp_prestation.php","meta":{"_acf_changed":false,"footnotes":""},"class_list":["post-168","page","type-page","status-publish","hentry"],"acf":[],"yoast_head":"<!-- This site is optimized with the Yoast SEO plugin v27.1.1 - https:\/\/yoast.com\/product\/yoast-seo-wordpress\/ -->\n<title>Building contractor in Paris | Benny Benlolo<\/title>\n<meta name=\"description\" content=\"Carry out the renovation of his apartment alongside a building contractor, in order to ensure the proper execution of the work.\" \/>\n<meta name=\"robots\" content=\"index, follow, max-snippet:-1, max-image-preview:large, max-video-preview:-1\" \/>\n<link rel=\"canonical\" href=\"https:\/\/www.architecteinterieurs.com\/en\/interior-design-services\/building-contractor-in-paris\/\" \/>\n<meta property=\"og:locale\" content=\"fr_FR\" \/>\n<meta property=\"og:type\" content=\"article\" \/>\n<meta property=\"og:title\" content=\"Building contractor in Paris | Benny Benlolo\" \/>\n<meta property=\"og:description\" content=\"Carry out the renovation of his apartment alongside a building contractor, in order to ensure the proper execution of the work.\" \/>\n<meta property=\"og:url\" content=\"https:\/\/www.architecteinterieurs.com\/en\/interior-design-services\/building-contractor-in-paris\/\" \/>\n<meta property=\"og:site_name\" content=\"Interior designers agency in Paris- Benny Benlolo\" \/>\n<meta property=\"article:publisher\" content=\"https:\/\/www.facebook.com\/BenloloArchitectesDesigners\" \/>\n<meta property=\"article:modified_time\" content=\"2022-09-21T11:22:33+00:00\" \/>\n<meta property=\"og:image\" content=\"https:\/\/www.architecteinterieurs.com\/en\/wp-content\/imgtak\/2022\/08\/architecture-interieur-maitre-oeuvre-batiment.jpg\" \/>\n\t<meta property=\"og:image:width\" content=\"1920\" \/>\n\t<meta property=\"og:image:height\" content=\"1080\" \/>\n\t<meta property=\"og:image:type\" content=\"image\/jpeg\" \/>\n<meta name=\"twitter:card\" content=\"summary_large_image\" \/>\n<meta name=\"twitter:title\" content=\"Building contractor in Paris | Benny Benlolo\" \/>\n<meta name=\"twitter:description\" content=\"Carry out the renovation of his apartment alongside a building contractor, in order to ensure the proper execution of the work.\" \/>\n<meta name=\"twitter:image\" content=\"https:\/\/www.architecteinterieurs.com\/en\/wp-content\/imgtak\/2022\/08\/architecture-interieur-maitre-oeuvre-batiment.jpg\" \/>\n<meta name=\"twitter:site\" content=\"@benny_benlolo\" \/>\n<script type=\"application\/ld+json\" class=\"yoast-schema-graph\">{\"@context\":\"https:\/\/schema.org\",\"@graph\":[{\"@type\":\"WebPage\",\"@id\":\"https:\/\/www.architecteinterieurs.com\/en\/interior-design-services\/building-contractor-in-paris\/\",\"url\":\"https:\/\/www.architecteinterieurs.com\/en\/interior-design-services\/building-contractor-in-paris\/\",\"name\":\"Building contractor in Paris | Benny Benlolo\",\"isPartOf\":{\"@id\":\"https:\/\/www.architecteinterieurs.com\/en\/#website\"},\"datePublished\":\"2022-05-16T10:10:12+00:00\",\"dateModified\":\"2022-09-21T11:22:33+00:00\",\"description\":\"Carry out the renovation of his apartment alongside a building contractor, in order to ensure the proper execution of the work.\",\"breadcrumb\":{\"@id\":\"https:\/\/www.architecteinterieurs.com\/en\/interior-design-services\/building-contractor-in-paris\/#breadcrumb\"},\"inLanguage\":\"fr-FR\",\"potentialAction\":[{\"@type\":\"ReadAction\",\"target\":[\"https:\/\/www.architecteinterieurs.com\/en\/interior-design-services\/building-contractor-in-paris\/\"]}]},{\"@type\":\"BreadcrumbList\",\"@id\":\"https:\/\/www.architecteinterieurs.com\/en\/interior-design-services\/building-contractor-in-paris\/#breadcrumb\",\"itemListElement\":[{\"@type\":\"ListItem\",\"position\":1,\"name\":\"Conseils et services haut de gamme en architecture d'int\u00e9rieur\",\"item\":\"https:\/\/www.architecteinterieurs.com\/en\/interior-design-services\/\"},{\"@type\":\"ListItem\",\"position\":2,\"name\":\"Maitre d\u2019\u0153uvre en b\u00e2timent \u00e0 Paris\"}]},{\"@type\":\"WebSite\",\"@id\":\"https:\/\/www.architecteinterieurs.com\/en\/#website\",\"url\":\"https:\/\/www.architecteinterieurs.com\/en\/\",\"name\":\"Interior designers agency in Paris- Benny Benlolo\",\"description\":\"Interior architecture agency in Paris, specialist in the Haussmann style, renovation of prestigious apartments, high-end furnishings for houses and apartments\",\"publisher\":{\"@id\":\"https:\/\/www.architecteinterieurs.com\/en\/#organization\"},\"potentialAction\":[{\"@type\":\"SearchAction\",\"target\":{\"@type\":\"EntryPoint\",\"urlTemplate\":\"https:\/\/www.architecteinterieurs.com\/en\/?s={search_term_string}\"},\"query-input\":{\"@type\":\"PropertyValueSpecification\",\"valueRequired\":true,\"valueName\":\"search_term_string\"}}],\"inLanguage\":\"fr-FR\"},{\"@type\":\"Organization\",\"@id\":\"https:\/\/www.architecteinterieurs.com\/en\/#organization\",\"name\":\"Benny Benlolo - Interior designer in Paris\",\"url\":\"https:\/\/www.architecteinterieurs.com\/en\/\",\"logo\":{\"@type\":\"ImageObject\",\"inLanguage\":\"fr-FR\",\"@id\":\"https:\/\/www.architecteinterieurs.com\/en\/#\/schema\/logo\/image\/\",\"url\":\"https:\/\/www.architecteinterieurs.com\/en\/wp-content\/imgtak\/2022\/08\/benny-benlolo-logo-ico.png\",\"contentUrl\":\"https:\/\/www.architecteinterieurs.com\/en\/wp-content\/imgtak\/2022\/08\/benny-benlolo-logo-ico.png\",\"width\":512,\"height\":512,\"caption\":\"Benny Benlolo - Interior designer in Paris\"},\"image\":{\"@id\":\"https:\/\/www.architecteinterieurs.com\/en\/#\/schema\/logo\/image\/\"},\"sameAs\":[\"https:\/\/www.facebook.com\/BenloloArchitectesDesigners\",\"https:\/\/x.com\/benny_benlolo\"]}]}<\/script>\n<!-- \/ Yoast SEO plugin. -->","yoast_head_json":{"title":"Building contractor in Paris | Benny Benlolo","description":"Carry out the renovation of his apartment alongside a building contractor, in order to ensure the proper execution of the work.","robots":{"index":"index","follow":"follow","max-snippet":"max-snippet:-1","max-image-preview":"max-image-preview:large","max-video-preview":"max-video-preview:-1"},"canonical":"https:\/\/www.architecteinterieurs.com\/en\/interior-design-services\/building-contractor-in-paris\/","og_locale":"fr_FR","og_type":"article","og_title":"Building contractor in Paris | Benny Benlolo","og_description":"Carry out the renovation of his apartment alongside a building contractor, in order to ensure the proper execution of the work.","og_url":"https:\/\/www.architecteinterieurs.com\/en\/interior-design-services\/building-contractor-in-paris\/","og_site_name":"Interior designers agency in Paris- Benny Benlolo","article_publisher":"https:\/\/www.facebook.com\/BenloloArchitectesDesigners","article_modified_time":"2022-09-21T11:22:33+00:00","og_image":[{"width":1920,"height":1080,"url":"https:\/\/www.architecteinterieurs.com\/en\/wp-content\/imgtak\/2022\/08\/architecture-interieur-maitre-oeuvre-batiment.jpg","type":"image\/jpeg"}],"twitter_card":"summary_large_image","twitter_title":"Building contractor in Paris | Benny Benlolo","twitter_description":"Carry out the renovation of his apartment alongside a building contractor, in order to ensure the proper execution of the work.","twitter_image":"https:\/\/www.architecteinterieurs.com\/en\/wp-content\/imgtak\/2022\/08\/architecture-interieur-maitre-oeuvre-batiment.jpg","twitter_site":"@benny_benlolo","schema":{"@context":"https:\/\/schema.org","@graph":[{"@type":"WebPage","@id":"https:\/\/www.architecteinterieurs.com\/en\/interior-design-services\/building-contractor-in-paris\/","url":"https:\/\/www.architecteinterieurs.com\/en\/interior-design-services\/building-contractor-in-paris\/","name":"Building contractor in Paris | Benny Benlolo","isPartOf":{"@id":"https:\/\/www.architecteinterieurs.com\/en\/#website"},"datePublished":"2022-05-16T10:10:12+00:00","dateModified":"2022-09-21T11:22:33+00:00","description":"Carry out the renovation of his apartment alongside a building contractor, in order to ensure the proper execution of the work.","breadcrumb":{"@id":"https:\/\/www.architecteinterieurs.com\/en\/interior-design-services\/building-contractor-in-paris\/#breadcrumb"},"inLanguage":"fr-FR","potentialAction":[{"@type":"ReadAction","target":["https:\/\/www.architecteinterieurs.com\/en\/interior-design-services\/building-contractor-in-paris\/"]}]},{"@type":"BreadcrumbList","@id":"https:\/\/www.architecteinterieurs.com\/en\/interior-design-services\/building-contractor-in-paris\/#breadcrumb","itemListElement":[{"@type":"ListItem","position":1,"name":"Conseils et services haut de gamme en architecture d'int\u00e9rieur","item":"https:\/\/www.architecteinterieurs.com\/en\/interior-design-services\/"},{"@type":"ListItem","position":2,"name":"Maitre d\u2019\u0153uvre en b\u00e2timent \u00e0 Paris"}]},{"@type":"WebSite","@id":"https:\/\/www.architecteinterieurs.com\/en\/#website","url":"https:\/\/www.architecteinterieurs.com\/en\/","name":"Interior designers agency in Paris- Benny Benlolo","description":"Interior architecture agency in Paris, specialist in the Haussmann style, renovation of prestigious apartments, high-end furnishings for houses and apartments","publisher":{"@id":"https:\/\/www.architecteinterieurs.com\/en\/#organization"},"potentialAction":[{"@type":"SearchAction","target":{"@type":"EntryPoint","urlTemplate":"https:\/\/www.architecteinterieurs.com\/en\/?s={search_term_string}"},"query-input":{"@type":"PropertyValueSpecification","valueRequired":true,"valueName":"search_term_string"}}],"inLanguage":"fr-FR"},{"@type":"Organization","@id":"https:\/\/www.architecteinterieurs.com\/en\/#organization","name":"Benny Benlolo - Interior designer in Paris","url":"https:\/\/www.architecteinterieurs.com\/en\/","logo":{"@type":"ImageObject","inLanguage":"fr-FR","@id":"https:\/\/www.architecteinterieurs.com\/en\/#\/schema\/logo\/image\/","url":"https:\/\/www.architecteinterieurs.com\/en\/wp-content\/imgtak\/2022\/08\/benny-benlolo-logo-ico.png","contentUrl":"https:\/\/www.architecteinterieurs.com\/en\/wp-content\/imgtak\/2022\/08\/benny-benlolo-logo-ico.png","width":512,"height":512,"caption":"Benny Benlolo - Interior designer in Paris"},"image":{"@id":"https:\/\/www.architecteinterieurs.com\/en\/#\/schema\/logo\/image\/"},"sameAs":["https:\/\/www.facebook.com\/BenloloArchitectesDesigners","https:\/\/x.com\/benny_benlolo"]}]}},"_links":{"self":[{"href":"https:\/\/www.architecteinterieurs.com\/en\/wp-json\/wp\/v2\/pages\/168","targetHints":{"allow":["GET"]}}],"collection":[{"href":"https:\/\/www.architecteinterieurs.com\/en\/wp-json\/wp\/v2\/pages"}],"about":[{"href":"https:\/\/www.architecteinterieurs.com\/en\/wp-json\/wp\/v2\/types\/page"}],"author":[{"embeddable":true,"href":"https:\/\/www.architecteinterieurs.com\/en\/wp-json\/wp\/v2\/users\/1"}],"replies":[{"embeddable":true,"href":"https:\/\/www.architecteinterieurs.com\/en\/wp-json\/wp\/v2\/comments?post=168"}],"version-history":[{"count":0,"href":"https:\/\/www.architecteinterieurs.com\/en\/wp-json\/wp\/v2\/pages\/168\/revisions"}],"up":[{"embeddable":true,"href":"https:\/\/www.architecteinterieurs.com\/en\/wp-json\/wp\/v2\/pages\/157"}],"wp:attachment":[{"href":"https:\/\/www.architecteinterieurs.com\/en\/wp-json\/wp\/v2\/media?parent=168"}],"curies":[{"name":"wp","href":"https:\/\/api.w.org\/{rel}","templated":true}]}}